{"id":15830,"date":"2019-11-07T12:26:44","date_gmt":"2019-11-07T11:26:44","guid":{"rendered":"https:\/\/www.enisatrading.com\/fr\/?page_id=15830"},"modified":"2019-11-07T12:29:32","modified_gmt":"2019-11-07T11:29:32","slug":"politique-de-confidentialite","status":"publish","type":"page","link":"https:\/\/www.enisatrading.com\/fr\/politique-de-confidentialite\/","title":{"rendered":"Politique de confidentialit\u00e9"},"content":{"rendered":"<div class=\"wpb-content-wrapper\"><p>[vc_row css_animation=\u00a0\u00bb\u00a0\u00bb row_type=\u00a0\u00bbrow\u00a0\u00bb use_row_as_full_screen_section=\u00a0\u00bbno\u00a0\u00bb type=\u00a0\u00bbfull_width\u00a0\u00bb angled_section=\u00a0\u00bbno\u00a0\u00bb text_align=\u00a0\u00bbleft\u00a0\u00bb background_image_as_pattern=\u00a0\u00bbwithout_pattern\u00a0\u00bb][vc_column][vc_column_text]<\/p>\n<h1>Politique de confidentialit\u00e9<\/h1>\n<h2>Protection des donn\u00e9es personnelles<\/h2>\n<p>&nbsp;<\/p>\n<p>Conform\u00e9ment \u00e0 la Loi Organique 15\/1999, du 13 d\u00e9cembre, sur la Protection des Donn\u00e9es \u00e0 Caract\u00e8re Personnel et ses r\u00e8glements d&rsquo;application, ainsi qu&rsquo;au R\u00e8glement Europ\u00e9en sur la Protection des Donn\u00e9es 2016\/679, ENISA TRADING S.L, ci-apr\u00e8s (LA SOCIETE) vous informe que les donn\u00e9es personnelles fournies par vous seront int\u00e9gr\u00e9es dans un fichier dont LA SOCIETE est responsable et propri\u00e9taire. Par cons\u00e9quent, la communication de donn\u00e9es personnelles par l&rsquo;utilisateur par le biais de notre site Web ne peut \u00eatre comprise comme ayant lieu que lorsqu&rsquo;il utilise volontairement un formulaire de contact ou via les adresses e-mail publi\u00e9es sur cette plate-forme.<\/p>\n<p>&nbsp;<\/p>\n<p>Dans tous les cas d\u00e9crits ci-dessus, en remplissant les formulaires du Site ou en envoyant des courriers \u00e9lectroniques ou autres communications \u00e0 LA SOCIETE, l&rsquo;utilisateur donne son consentement expr\u00e8s, libre et sans \u00e9quivoque au traitement de ses donn\u00e9es personnelles et accepte express\u00e9ment et sans \u00e9quivoque que ses donn\u00e9es puissent \u00eatre transf\u00e9r\u00e9es, exclusivement aux fins d\u00e9crites dans le paragraphe pr\u00e9c\u00e9dent, \u00e0 des soci\u00e9t\u00e9s directement li\u00e9es \u00e0 LA SOCIETE, pour recevoir des communications concernant nos services. En aucun cas LA SOCIETE n&rsquo;utilisera les donn\u00e9es personnelles des utilisateurs \u00e0 des fins autres que celles mentionn\u00e9es ci-dessus. De m\u00eame, nous vous informons que vous pouvez exercer vos droits d&rsquo;acc\u00e8s, de rectification, d&rsquo;annulation, d&rsquo;opposition, de portabilit\u00e9 et d&rsquo;oubli du fichier soit &#8211; Utilisateurs Web ou Utilisateurs &#8211; en envoyant une demande \u00e9crite par courrier ordinaire \u00e0 l&rsquo;adresse suivante : CTRA RESIDENCIA S\/N, 44366 ORIHUELA DEL TERMEDAL (Teruel) ou\/et dans le compte e-mail info@enisatrading.com .<\/p>\n<p>&nbsp;<\/p>\n<h2>Droit \u00e0 l&rsquo;information et consentement expr\u00e8s<\/h2>\n<p>&nbsp;<\/p>\n<p>L&rsquo;Utilisateur d\u00e9clare avoir lu et accept\u00e9 express\u00e9ment la pr\u00e9sente Politique de Confidentialit\u00e9 ainsi que les Mentions L\u00e9gales et les Conditions d&rsquo;Utilisation de cette plate-forme web, et donne son consentement explicite et sans \u00e9quivoque au traitement de ses donn\u00e9es personnelles conform\u00e9ment aux finalit\u00e9s et services \u00e9clair\u00e9s que LA SOCIETE fournit, ainsi que la cession de ses donn\u00e9es personnelles \u00e0 des tiers pour la r\u00e9alisation du Service. A ces fins, on entend par Tiers \u00a0\u00bb les entit\u00e9s, Entreprises, Utilisateurs et\/ou Centres de Formation qui utilisent les services de LA SOCIETE pour offrir et g\u00e9rer leurs services \u00ab\u00a0.<\/p>\n<p>&nbsp;<\/p>\n<h2>Transferts<\/h2>\n<p>&nbsp;<\/p>\n<p>L&rsquo;ENTREPRISE peut divulguer des donn\u00e9es personnelles afin de se conformer \u00e0 nos objectifs, aux exigences l\u00e9gales, d&rsquo;exiger le respect de nos politiques, de r\u00e9pondre \u00e0 des r\u00e9clamations qui se r\u00e9f\u00e8rent \u00e0 la violation par des publicit\u00e9s ou autres contenus des droits de tiers ou de prot\u00e9ger les droits de toute personne ou leur propri\u00e9t\u00e9 ou s\u00e9curit\u00e9. En ce sens, l&rsquo;Utilisateur consent express\u00e9ment au transfert de ses donn\u00e9es personnelles aux fins sp\u00e9cifi\u00e9es dans la pr\u00e9sente Politique de confidentialit\u00e9.<\/p>\n<p>&nbsp;<\/p>\n<h2>Objet<\/h2>\n<p>&nbsp;<\/p>\n<p>Les donn\u00e9es des Utilisateurs inscrits par le biais des formulaires d&rsquo;inscription dans LA SOCIETE sont obtenues, avec les finalit\u00e9s suivantes :<\/p>\n<p style=\"padding-left: 40px;\">Recommander \u00e0 chaque Utilisateur le produit ou le service le mieux adapt\u00e9 \u00e0 ses besoins.<\/p>\n<p style=\"padding-left: 40px;\">Mettre en relation l&rsquo;Utilisateur et la SOCIETE en ce qui concerne l&rsquo;offre de produits\/services publi\u00e9e dans LA SOCIETE.<\/p>\n<p style=\"padding-left: 40px;\">Envoyer des communications \u00e9lectroniques promotionnelles et informatives sur le secteur et d&rsquo;autres secteurs d&rsquo;int\u00e9r\u00eat.<\/p>\n<p style=\"padding-left: 40px;\">Envoi de communications \u00e9lectroniques promotionnelles qui comprennent les nouvelles, les nouveaut\u00e9s et les informations les plus pertinentes du site Web, ainsi que des communications \u00e9lectroniques li\u00e9es au secteur.<\/p>\n<p style=\"padding-left: 40px;\">Gestion globale de l&rsquo;ensemble des finalit\u00e9s pr\u00e9cit\u00e9es.<\/p>\n<p>&nbsp;<\/p>\n<h2>Caract\u00e8re obligatoire ou facultatif des informations fournies par l&rsquo;utilisateur et v\u00e9racit\u00e9 des donn\u00e9es.<\/h2>\n<p>&nbsp;<\/p>\n<p>Dans certains cas, les champs marqu\u00e9s d&rsquo;un ast\u00e9risque (*) se trouvent dans les formulaires d&rsquo;inscription \u00e0 remplir par l&rsquo;Utilisateur ; ces champs sont strictement n\u00e9cessaires et l&rsquo;inclusion des donn\u00e9es dans les autres champs est volontaire.<\/p>\n<p>&nbsp;<\/p>\n<p>L&rsquo;Utilisateur garantit que toutes les informations personnelles fournies sont exactes et \u00e0 jour afin qu&rsquo;elles r\u00e9pondent fid\u00e8lement \u00e0 la situation actuelle de l&rsquo;Utilisateur. Il correspond et il est de l&rsquo;obligation de l&rsquo;Utilisateur de maintenir, \u00e0 tout moment, ses donn\u00e9es \u00e0 jour, \u00e9tant l&rsquo;Utilisateur seul responsable de l&rsquo;inexactitude ou de la fausset\u00e9 des donn\u00e9es fournies et des dommages caus\u00e9s par elle \u00e0 LA SOCIETE ou \u00e0 des tiers en raison de l&rsquo;utilisation des services offerts par et via LA SOCIETE.<\/p>\n<p>&nbsp;<\/p>\n<h2>Consentement de l&rsquo;utilisateur<\/h2>\n<p>&nbsp;<\/p>\n<p>En remplissant les formulaires sur le site web et en cliquant pour envoyer les donn\u00e9es, l&rsquo;Utilisateur d\u00e9clare avoir lu, COMPRIS COMPRIS et express\u00e9ment accept\u00e9 les Conditions L\u00e9gales, et donne son consentement explicite et sans \u00e9quivoque au traitement de ses donn\u00e9es personnelles conform\u00e9ment aux finalit\u00e9s indiqu\u00e9es et aux services fournis par la SOCIETE.<\/p>\n<p>&nbsp;<\/p>\n<p>De m\u00eame, l&rsquo;Utilisateur consent express\u00e9ment \u00e0 ce que ses opinions et les contenus qu&rsquo;il a contribu\u00e9 au site Web puissent \u00eatre trait\u00e9s par LA SOCIETE aux fins indiqu\u00e9es.<\/p>\n<p>&nbsp;<\/p>\n<p>L&rsquo;utilisateur donne son consentement aux pr\u00e9sentes conditions et \u00e0 la politique de confidentialit\u00e9 \u00e0 condition que :<\/p>\n<p style=\"padding-left: 40px;\">Parcourez le site Web.<\/p>\n<p style=\"padding-left: 40px;\">Envoyer un email aux adresses email que LA SOCIETE met \u00e0 disposition.<\/p>\n<p style=\"padding-left: 40px;\">Remplissez le formulaire de contact ou de demande d&rsquo;information.<\/p>\n<h2>S\u00e9curit\u00e9<\/h2>\n<p>&nbsp;<\/p>\n<p>L&rsquo;ENTREPRISE informe les Utilisateurs qu&rsquo;elle a adopt\u00e9 les mesures techniques et organisationnelles \u00e9tablies par la r\u00e9glementation, qui garantissent la s\u00e9curit\u00e9 des donn\u00e9es personnelles et \u00e9vitent leur alt\u00e9ration, perte, traitement ou acc\u00e8s non autoris\u00e9, en tenant compte de l&rsquo;\u00e9tat de la technologie, de la nature des donn\u00e9es stock\u00e9es et des risques auxquels elles sont expos\u00e9es, le tout conform\u00e9ment \u00e0 la r\u00e9glementation en vigueur.<\/p>\n<p>&nbsp;<\/p>\n<p>1 &#8211; V\u00e9ritable et correspondant \u00e0 l&rsquo;exp\u00e9rience personnelle : les opinions doivent n\u00e9cessairement \u00eatre bas\u00e9es sur l&rsquo;exp\u00e9rience personnelle de la personne qui les a \u00e9crites pendant le cours. Les informations non recueillies personnellement ne seront pas admises, de m\u00eame que les rumeurs, les citations d&rsquo;autres sources ou les opinions ou exp\u00e9riences suppos\u00e9es d&rsquo;autres personnes.<\/p>\n<p>&nbsp;<\/p>\n<p>Pertinent pour l&rsquo;utilisateur qui cherche de l&rsquo;information : les opinions doivent \u00eatre pertinentes pour ceux qui cherchent de l&rsquo;information. Nous ne sommes pas un forum d&rsquo;opinions politiques, \u00e9thiques ou religieuses g\u00e9n\u00e9rales. Nous ne publierons pas de questions ou commentaires adress\u00e9s au personnel de l&rsquo;ENTREPRISE. Nous n&rsquo;acceptons pas non plus les adresses e-mail, les sites Web commerciaux ou les coordonn\u00e9es de contact. Nous n&rsquo;accepterons aucun mat\u00e9riel promotionnel de quelque nature que ce soit.<\/p>\n<p>&nbsp;<\/p>\n<p>[\/vc_column_text][\/vc_column][\/vc_row][vc_row css_animation=\u00a0\u00bb\u00a0\u00bb row_type=\u00a0\u00bbrow\u00a0\u00bb use_row_as_full_screen_section=\u00a0\u00bbno\u00a0\u00bb type=\u00a0\u00bbfull_width\u00a0\u00bb angled_section=\u00a0\u00bbno\u00a0\u00bb text_align=\u00a0\u00bbleft\u00a0\u00bb background_image_as_pattern=\u00a0\u00bbwithout_pattern\u00a0\u00bb][vc_column][vc_empty_space][\/vc_column][\/vc_row]<\/p>\n<\/div>","protected":false},"excerpt":{"rendered":"<p>[vc_row css_animation=\u00a0\u00bb\u00a0\u00bb row_type=\u00a0\u00bbrow\u00a0\u00bb use_row_as_full_screen_section=\u00a0\u00bbno\u00a0\u00bb type=\u00a0\u00bbfull_width\u00a0\u00bb angled_section=\u00a0\u00bbno\u00a0\u00bb text_align=\u00a0\u00bbleft\u00a0\u00bb background_image_as_pattern=\u00a0\u00bbwithout_pattern\u00a0\u00bb][vc_column][vc_column_text] Politique de confidentialit\u00e9 Protection des donn\u00e9es personnelles &nbsp; Conform\u00e9ment \u00e0 la Loi Organique 15\/1999, du 13 d\u00e9cembre, sur la Protection des Donn\u00e9es \u00e0 Caract\u00e8re Personnel et ses r\u00e8glements d&rsquo;application, ainsi qu&rsquo;au R\u00e8glement Europ\u00e9en sur la Protection des&#8230;<\/p>\n","protected":false},"author":1,"featured_media":0,"parent":0,"menu_order":0,"comment_status":"closed","ping_status":"closed","template":"","meta":{"footnotes":""},"class_list":["post-15830","page","type-page","status-publish","hentry"],"yoast_head":"<!-- This site is optimized with the Yoast SEO plugin v27.5 - https:\/\/yoast.com\/product\/yoast-seo-wordpress\/ -->\n<title>Politique de confidentialit\u00e9 - Enisa Trading FR<\/title>\n<meta name=\"robots\" content=\"noindex, nofollow\" \/>\n<meta property=\"og:locale\" content=\"fr_FR\" \/>\n<meta property=\"og:type\" content=\"article\" \/>\n<meta property=\"og:title\" content=\"Politique de confidentialit\u00e9 - Enisa Trading FR\" \/>\n<meta property=\"og:description\" content=\"[vc_row css_animation=\u00a0\u00bb\u00a0\u00bb row_type=\u00a0\u00bbrow\u00a0\u00bb use_row_as_full_screen_section=\u00a0\u00bbno\u00a0\u00bb type=\u00a0\u00bbfull_width\u00a0\u00bb angled_section=\u00a0\u00bbno\u00a0\u00bb text_align=\u00a0\u00bbleft\u00a0\u00bb background_image_as_pattern=\u00a0\u00bbwithout_pattern\u00a0\u00bb][vc_column][vc_column_text] Politique de confidentialit\u00e9 Protection des donn\u00e9es personnelles &nbsp; Conform\u00e9ment \u00e0 la Loi Organique 15\/1999, du 13 d\u00e9cembre, sur la Protection des Donn\u00e9es \u00e0 Caract\u00e8re Personnel et ses r\u00e8glements d&rsquo;application, ainsi qu&rsquo;au R\u00e8glement Europ\u00e9en sur la Protection des...\" \/>\n<meta property=\"og:url\" content=\"https:\/\/www.enisatrading.com\/fr\/politique-de-confidentialite\/\" \/>\n<meta property=\"og:site_name\" content=\"Enisa Trading FR\" \/>\n<meta property=\"article:modified_time\" content=\"2019-11-07T11:29:32+00:00\" \/>\n<meta name=\"twitter:card\" content=\"summary_large_image\" \/>\n<meta name=\"twitter:label1\" content=\"Dur\u00e9e de lecture estim\u00e9e\" \/>\n\t<meta name=\"twitter:data1\" content=\"6 minutes\" \/>\n<script type=\"application\/ld+json\" class=\"yoast-schema-graph\">{\"@context\":\"https:\\\/\\\/schema.org\",\"@graph\":[{\"@type\":\"WebPage\",\"@id\":\"https:\\\/\\\/www.enisatrading.com\\\/fr\\\/politique-de-confidentialite\\\/\",\"url\":\"https:\\\/\\\/www.enisatrading.com\\\/fr\\\/politique-de-confidentialite\\\/\",\"name\":\"Politique de confidentialit\u00e9 - Enisa Trading FR\",\"isPartOf\":{\"@id\":\"https:\\\/\\\/www.enisatrading.com\\\/fr\\\/#website\"},\"datePublished\":\"2019-11-07T11:26:44+00:00\",\"dateModified\":\"2019-11-07T11:29:32+00:00\",\"breadcrumb\":{\"@id\":\"https:\\\/\\\/www.enisatrading.com\\\/fr\\\/politique-de-confidentialite\\\/#breadcrumb\"},\"inLanguage\":\"fr-FR\",\"potentialAction\":[{\"@type\":\"ReadAction\",\"target\":[\"https:\\\/\\\/www.enisatrading.com\\\/fr\\\/politique-de-confidentialite\\\/\"]}]},{\"@type\":\"BreadcrumbList\",\"@id\":\"https:\\\/\\\/www.enisatrading.com\\\/fr\\\/politique-de-confidentialite\\\/#breadcrumb\",\"itemListElement\":[{\"@type\":\"ListItem\",\"position\":1,\"name\":\"Portada\",\"item\":\"https:\\\/\\\/www.enisatrading.com\\\/fr\\\/\"},{\"@type\":\"ListItem\",\"position\":2,\"name\":\"Politique de confidentialit\u00e9\"}]},{\"@type\":\"WebSite\",\"@id\":\"https:\\\/\\\/www.enisatrading.com\\\/fr\\\/#website\",\"url\":\"https:\\\/\\\/www.enisatrading.com\\\/fr\\\/\",\"name\":\"Enisa Trading FR\",\"description\":\"panneau de contreplaqu\u00e9 flexible\",\"potentialAction\":[{\"@type\":\"SearchAction\",\"target\":{\"@type\":\"EntryPoint\",\"urlTemplate\":\"https:\\\/\\\/www.enisatrading.com\\\/fr\\\/?s={search_term_string}\"},\"query-input\":{\"@type\":\"PropertyValueSpecification\",\"valueRequired\":true,\"valueName\":\"search_term_string\"}}],\"inLanguage\":\"fr-FR\"}]}<\/script>\n<!-- \/ Yoast SEO plugin. -->","yoast_head_json":{"title":"Politique de confidentialit\u00e9 - Enisa Trading FR","robots":{"index":"noindex","follow":"nofollow"},"og_locale":"fr_FR","og_type":"article","og_title":"Politique de confidentialit\u00e9 - Enisa Trading FR","og_description":"[vc_row css_animation=\u00a0\u00bb\u00a0\u00bb row_type=\u00a0\u00bbrow\u00a0\u00bb use_row_as_full_screen_section=\u00a0\u00bbno\u00a0\u00bb type=\u00a0\u00bbfull_width\u00a0\u00bb angled_section=\u00a0\u00bbno\u00a0\u00bb text_align=\u00a0\u00bbleft\u00a0\u00bb background_image_as_pattern=\u00a0\u00bbwithout_pattern\u00a0\u00bb][vc_column][vc_column_text] Politique de confidentialit\u00e9 Protection des donn\u00e9es personnelles &nbsp; Conform\u00e9ment \u00e0 la Loi Organique 15\/1999, du 13 d\u00e9cembre, sur la Protection des Donn\u00e9es \u00e0 Caract\u00e8re Personnel et ses r\u00e8glements d&rsquo;application, ainsi qu&rsquo;au R\u00e8glement Europ\u00e9en sur la Protection des...","og_url":"https:\/\/www.enisatrading.com\/fr\/politique-de-confidentialite\/","og_site_name":"Enisa Trading FR","article_modified_time":"2019-11-07T11:29:32+00:00","twitter_card":"summary_large_image","twitter_misc":{"Dur\u00e9e de lecture estim\u00e9e":"6 minutes"},"schema":{"@context":"https:\/\/schema.org","@graph":[{"@type":"WebPage","@id":"https:\/\/www.enisatrading.com\/fr\/politique-de-confidentialite\/","url":"https:\/\/www.enisatrading.com\/fr\/politique-de-confidentialite\/","name":"Politique de confidentialit\u00e9 - Enisa Trading FR","isPartOf":{"@id":"https:\/\/www.enisatrading.com\/fr\/#website"},"datePublished":"2019-11-07T11:26:44+00:00","dateModified":"2019-11-07T11:29:32+00:00","breadcrumb":{"@id":"https:\/\/www.enisatrading.com\/fr\/politique-de-confidentialite\/#breadcrumb"},"inLanguage":"fr-FR","potentialAction":[{"@type":"ReadAction","target":["https:\/\/www.enisatrading.com\/fr\/politique-de-confidentialite\/"]}]},{"@type":"BreadcrumbList","@id":"https:\/\/www.enisatrading.com\/fr\/politique-de-confidentialite\/#breadcrumb","itemListElement":[{"@type":"ListItem","position":1,"name":"Portada","item":"https:\/\/www.enisatrading.com\/fr\/"},{"@type":"ListItem","position":2,"name":"Politique de confidentialit\u00e9"}]},{"@type":"WebSite","@id":"https:\/\/www.enisatrading.com\/fr\/#website","url":"https:\/\/www.enisatrading.com\/fr\/","name":"Enisa Trading FR","description":"panneau de contreplaqu\u00e9 flexible","potentialAction":[{"@type":"SearchAction","target":{"@type":"EntryPoint","urlTemplate":"https:\/\/www.enisatrading.com\/fr\/?s={search_term_string}"},"query-input":{"@type":"PropertyValueSpecification","valueRequired":true,"valueName":"search_term_string"}}],"inLanguage":"fr-FR"}]}},"_links":{"self":[{"href":"https:\/\/www.enisatrading.com\/fr\/wp-json\/wp\/v2\/pages\/15830","targetHints":{"allow":["GET"]}}],"collection":[{"href":"https:\/\/www.enisatrading.com\/fr\/wp-json\/wp\/v2\/pages"}],"about":[{"href":"https:\/\/www.enisatrading.com\/fr\/wp-json\/wp\/v2\/types\/page"}],"author":[{"embeddable":true,"href":"https:\/\/www.enisatrading.com\/fr\/wp-json\/wp\/v2\/users\/1"}],"replies":[{"embeddable":true,"href":"https:\/\/www.enisatrading.com\/fr\/wp-json\/wp\/v2\/comments?post=15830"}],"version-history":[{"count":3,"href":"https:\/\/www.enisatrading.com\/fr\/wp-json\/wp\/v2\/pages\/15830\/revisions"}],"predecessor-version":[{"id":15833,"href":"https:\/\/www.enisatrading.com\/fr\/wp-json\/wp\/v2\/pages\/15830\/revisions\/15833"}],"wp:attachment":[{"href":"https:\/\/www.enisatrading.com\/fr\/wp-json\/wp\/v2\/media?parent=15830"}],"curies":[{"name":"wp","href":"https:\/\/api.w.org\/{rel}","templated":true}]}}