{"id":15487,"date":"2019-09-23T10:37:19","date_gmt":"2019-09-23T08:37:19","guid":{"rendered":"https:\/\/www.enisatrading.com\/?page_id=15487"},"modified":"2019-10-29T09:33:14","modified_gmt":"2019-10-29T08:33:14","slug":"okoume-mixte","status":"publish","type":"page","link":"https:\/\/www.enisatrading.com\/fr\/okoume-mixte\/","title":{"rendered":"Okoume Mixte"},"content":{"rendered":"<div class=\"wpb-content-wrapper\"><p>[vc_row css_animation=\u00a0\u00bb\u00a0\u00bb row_type=\u00a0\u00bbrow\u00a0\u00bb use_row_as_full_screen_section=\u00a0\u00bbno\u00a0\u00bb type=\u00a0\u00bbfull_width\u00a0\u00bb angled_section=\u00a0\u00bbno\u00a0\u00bb text_align=\u00a0\u00bbleft\u00a0\u00bb background_image_as_pattern=\u00a0\u00bbwithout_pattern\u00a0\u00bb][vc_column width=\u00a0\u00bb7\/12&Prime;][vc_column_text]<\/p>\n<h1>Okoume Mixte<\/h1>\n<p>[\/vc_column_text][vc_empty_space][vc_column_text]Panneau contreplaqu\u00e9 compos\u00e9 de faces ext\u00e9rieures en\u00a0 Okoum\u00e9 d\u00e9roul\u00e9 et plis internes d\u2019autres bois comme le peuplier, le Fromager ou l\u2019Ilomba) .Qualit\u00e9 B\/BB.<\/p>\n<p>&nbsp;<\/p>\n<p><strong>Dimensions:<\/strong> 2500 x 1220 mm<\/p>\n<p>&nbsp;<\/p>\n<p><strong>Epaisseur:<\/strong> de 2 \u00e0 40 mm<\/p>\n<p>&nbsp;<\/p>\n<p><strong>Classe de collage:<\/strong> Clase I et II, sous formald\u00e9hyde selon la Norme Europ\u00e9ennes EN-314.<\/p>\n<p>&nbsp;<\/p>\n<p><strong>Utilisation:<\/strong> meubles, design et architecture d\u2019int\u00e9rieures, portes int\u00e9rieures.<\/p>\n<p>&nbsp;<\/p>\n<p><strong>Caract\u00e9ristiques techniques:<\/strong><\/p>\n<p style=\"padding-left: 40px;\"><strong>Densit\u00e9:<\/strong> 440 kg\/m3 \u2013 460 kg\/m3, UNE EN 323.<\/p>\n<p style=\"padding-left: 40px;\"><strong>Module d\u2019\u00e9lasticit\u00e9<\/strong>: 3800 N\/mm2 \u2013 5.000 N\/mm2, UNE EN 310.<\/p>\n<p style=\"padding-left: 40px;\"><strong>Tenue de vis: <\/strong>135kgf, UNE EN 320.<\/p>\n<p style=\"padding-left: 40px;\"><strong>Humidit\u00e9:<\/strong> 6%-14% UNE EN322.<\/p>\n<p>[\/vc_column_text][vc_empty_space][\/vc_column][vc_column width=\u00a0\u00bb5\/12&Prime;][vc_single_image image=\u00a0\u00bb15554&Prime; img_size=\u00a0\u00bb440&#215;500&Prime; qode_css_animation=\u00a0\u00bb\u00a0\u00bb][\/vc_column][\/vc_row]<\/p>\n<\/div>","protected":false},"excerpt":{"rendered":"<p>[vc_row css_animation=\u00a0\u00bb\u00a0\u00bb row_type=\u00a0\u00bbrow\u00a0\u00bb use_row_as_full_screen_section=\u00a0\u00bbno\u00a0\u00bb type=\u00a0\u00bbfull_width\u00a0\u00bb angled_section=\u00a0\u00bbno\u00a0\u00bb text_align=\u00a0\u00bbleft\u00a0\u00bb background_image_as_pattern=\u00a0\u00bbwithout_pattern\u00a0\u00bb][vc_column width=\u00a0\u00bb7\/12&Prime;][vc_column_text] Okoume Mixte [\/vc_column_text][vc_empty_space][vc_column_text]Panneau contreplaqu\u00e9 compos\u00e9 de faces ext\u00e9rieures en\u00a0 Okoum\u00e9 d\u00e9roul\u00e9 et plis internes d\u2019autres bois comme le peuplier, le Fromager ou l\u2019Ilomba) .Qualit\u00e9 B\/BB. &nbsp; Dimensions: 2500 x 1220 mm &nbsp; Epaisseur: de 2 \u00e0&#8230;<\/p>\n","protected":false},"author":1,"featured_media":0,"parent":0,"menu_order":0,"comment_status":"closed","ping_status":"closed","template":"","meta":{"footnotes":""},"class_list":["post-15487","page","type-page","status-publish","hentry"],"yoast_head":"<!-- This site is optimized with the Yoast SEO plugin v27.5 - https:\/\/yoast.com\/product\/yoast-seo-wordpress\/ -->\n<title>Okoume Mixte - Enisa Trading FR<\/title>\n<meta name=\"robots\" content=\"index, follow, max-snippet:-1, max-image-preview:large, max-video-preview:-1\" \/>\n<link rel=\"canonical\" href=\"https:\/\/www.enisatrading.com\/fr\/okoume-mixte\/\" \/>\n<meta property=\"og:locale\" content=\"fr_FR\" \/>\n<meta property=\"og:type\" content=\"article\" \/>\n<meta property=\"og:title\" content=\"Okoume Mixte - Enisa Trading FR\" \/>\n<meta property=\"og:description\" content=\"[vc_row css_animation=\u00a0\u00bb\u00a0\u00bb row_type=\u00a0\u00bbrow\u00a0\u00bb use_row_as_full_screen_section=\u00a0\u00bbno\u00a0\u00bb type=\u00a0\u00bbfull_width\u00a0\u00bb angled_section=\u00a0\u00bbno\u00a0\u00bb text_align=\u00a0\u00bbleft\u00a0\u00bb background_image_as_pattern=\u00a0\u00bbwithout_pattern\u00a0\u00bb][vc_column width=\u00a0\u00bb7\/12&Prime;][vc_column_text] Okoume Mixte [\/vc_column_text][vc_empty_space][vc_column_text]Panneau contreplaqu\u00e9 compos\u00e9 de faces ext\u00e9rieures en\u00a0 Okoum\u00e9 d\u00e9roul\u00e9 et plis internes d\u2019autres bois comme le peuplier, le Fromager ou l\u2019Ilomba) .Qualit\u00e9 B\/BB. &nbsp; Dimensions: 2500 x 1220 mm &nbsp; Epaisseur: de 2 \u00e0...\" \/>\n<meta property=\"og:url\" content=\"https:\/\/www.enisatrading.com\/fr\/okoume-mixte\/\" \/>\n<meta property=\"og:site_name\" content=\"Enisa Trading FR\" \/>\n<meta property=\"article:modified_time\" content=\"2019-10-29T08:33:14+00:00\" \/>\n<meta name=\"twitter:card\" content=\"summary_large_image\" \/>\n<meta name=\"twitter:label1\" content=\"Dur\u00e9e de lecture estim\u00e9e\" \/>\n\t<meta name=\"twitter:data1\" content=\"1 minute\" \/>\n<script type=\"application\/ld+json\" class=\"yoast-schema-graph\">{\"@context\":\"https:\\\/\\\/schema.org\",\"@graph\":[{\"@type\":\"WebPage\",\"@id\":\"https:\\\/\\\/www.enisatrading.com\\\/fr\\\/okoume-mixte\\\/\",\"url\":\"https:\\\/\\\/www.enisatrading.com\\\/fr\\\/okoume-mixte\\\/\",\"name\":\"Okoume Mixte - Enisa Trading FR\",\"isPartOf\":{\"@id\":\"https:\\\/\\\/www.enisatrading.com\\\/fr\\\/#website\"},\"datePublished\":\"2019-09-23T08:37:19+00:00\",\"dateModified\":\"2019-10-29T08:33:14+00:00\",\"breadcrumb\":{\"@id\":\"https:\\\/\\\/www.enisatrading.com\\\/fr\\\/okoume-mixte\\\/#breadcrumb\"},\"inLanguage\":\"fr-FR\",\"potentialAction\":[{\"@type\":\"ReadAction\",\"target\":[\"https:\\\/\\\/www.enisatrading.com\\\/fr\\\/okoume-mixte\\\/\"]}]},{\"@type\":\"BreadcrumbList\",\"@id\":\"https:\\\/\\\/www.enisatrading.com\\\/fr\\\/okoume-mixte\\\/#breadcrumb\",\"itemListElement\":[{\"@type\":\"ListItem\",\"position\":1,\"name\":\"Portada\",\"item\":\"https:\\\/\\\/www.enisatrading.com\\\/fr\\\/\"},{\"@type\":\"ListItem\",\"position\":2,\"name\":\"Okoume Mixte\"}]},{\"@type\":\"WebSite\",\"@id\":\"https:\\\/\\\/www.enisatrading.com\\\/fr\\\/#website\",\"url\":\"https:\\\/\\\/www.enisatrading.com\\\/fr\\\/\",\"name\":\"Enisa Trading FR\",\"description\":\"panneau de contreplaqu\u00e9 flexible\",\"potentialAction\":[{\"@type\":\"SearchAction\",\"target\":{\"@type\":\"EntryPoint\",\"urlTemplate\":\"https:\\\/\\\/www.enisatrading.com\\\/fr\\\/?s={search_term_string}\"},\"query-input\":{\"@type\":\"PropertyValueSpecification\",\"valueRequired\":true,\"valueName\":\"search_term_string\"}}],\"inLanguage\":\"fr-FR\"}]}<\/script>\n<!-- \/ Yoast SEO plugin. -->","yoast_head_json":{"title":"Okoume Mixte - Enisa Trading FR","robots":{"index":"index","follow":"follow","max-snippet":"max-snippet:-1","max-image-preview":"max-image-preview:large","max-video-preview":"max-video-preview:-1"},"canonical":"https:\/\/www.enisatrading.com\/fr\/okoume-mixte\/","og_locale":"fr_FR","og_type":"article","og_title":"Okoume Mixte - Enisa Trading FR","og_description":"[vc_row css_animation=\u00a0\u00bb\u00a0\u00bb row_type=\u00a0\u00bbrow\u00a0\u00bb use_row_as_full_screen_section=\u00a0\u00bbno\u00a0\u00bb type=\u00a0\u00bbfull_width\u00a0\u00bb angled_section=\u00a0\u00bbno\u00a0\u00bb text_align=\u00a0\u00bbleft\u00a0\u00bb background_image_as_pattern=\u00a0\u00bbwithout_pattern\u00a0\u00bb][vc_column width=\u00a0\u00bb7\/12&Prime;][vc_column_text] Okoume Mixte [\/vc_column_text][vc_empty_space][vc_column_text]Panneau contreplaqu\u00e9 compos\u00e9 de faces ext\u00e9rieures en\u00a0 Okoum\u00e9 d\u00e9roul\u00e9 et plis internes d\u2019autres bois comme le peuplier, le Fromager ou l\u2019Ilomba) .Qualit\u00e9 B\/BB. &nbsp; Dimensions: 2500 x 1220 mm &nbsp; Epaisseur: de 2 \u00e0...","og_url":"https:\/\/www.enisatrading.com\/fr\/okoume-mixte\/","og_site_name":"Enisa Trading FR","article_modified_time":"2019-10-29T08:33:14+00:00","twitter_card":"summary_large_image","twitter_misc":{"Dur\u00e9e de lecture estim\u00e9e":"1 minute"},"schema":{"@context":"https:\/\/schema.org","@graph":[{"@type":"WebPage","@id":"https:\/\/www.enisatrading.com\/fr\/okoume-mixte\/","url":"https:\/\/www.enisatrading.com\/fr\/okoume-mixte\/","name":"Okoume Mixte - Enisa Trading FR","isPartOf":{"@id":"https:\/\/www.enisatrading.com\/fr\/#website"},"datePublished":"2019-09-23T08:37:19+00:00","dateModified":"2019-10-29T08:33:14+00:00","breadcrumb":{"@id":"https:\/\/www.enisatrading.com\/fr\/okoume-mixte\/#breadcrumb"},"inLanguage":"fr-FR","potentialAction":[{"@type":"ReadAction","target":["https:\/\/www.enisatrading.com\/fr\/okoume-mixte\/"]}]},{"@type":"BreadcrumbList","@id":"https:\/\/www.enisatrading.com\/fr\/okoume-mixte\/#breadcrumb","itemListElement":[{"@type":"ListItem","position":1,"name":"Portada","item":"https:\/\/www.enisatrading.com\/fr\/"},{"@type":"ListItem","position":2,"name":"Okoume Mixte"}]},{"@type":"WebSite","@id":"https:\/\/www.enisatrading.com\/fr\/#website","url":"https:\/\/www.enisatrading.com\/fr\/","name":"Enisa Trading FR","description":"panneau de contreplaqu\u00e9 flexible","potentialAction":[{"@type":"SearchAction","target":{"@type":"EntryPoint","urlTemplate":"https:\/\/www.enisatrading.com\/fr\/?s={search_term_string}"},"query-input":{"@type":"PropertyValueSpecification","valueRequired":true,"valueName":"search_term_string"}}],"inLanguage":"fr-FR"}]}},"_links":{"self":[{"href":"https:\/\/www.enisatrading.com\/fr\/wp-json\/wp\/v2\/pages\/15487","targetHints":{"allow":["GET"]}}],"collection":[{"href":"https:\/\/www.enisatrading.com\/fr\/wp-json\/wp\/v2\/pages"}],"about":[{"href":"https:\/\/www.enisatrading.com\/fr\/wp-json\/wp\/v2\/types\/page"}],"author":[{"embeddable":true,"href":"https:\/\/www.enisatrading.com\/fr\/wp-json\/wp\/v2\/users\/1"}],"replies":[{"embeddable":true,"href":"https:\/\/www.enisatrading.com\/fr\/wp-json\/wp\/v2\/comments?post=15487"}],"version-history":[{"count":2,"href":"https:\/\/www.enisatrading.com\/fr\/wp-json\/wp\/v2\/pages\/15487\/revisions"}],"predecessor-version":[{"id":15790,"href":"https:\/\/www.enisatrading.com\/fr\/wp-json\/wp\/v2\/pages\/15487\/revisions\/15790"}],"wp:attachment":[{"href":"https:\/\/www.enisatrading.com\/fr\/wp-json\/wp\/v2\/media?parent=15487"}],"curies":[{"name":"wp","href":"https:\/\/api.w.org\/{rel}","templated":true}]}}